{"id":107,"date":"2024-12-12T10:10:31","date_gmt":"2024-12-12T09:10:31","guid":{"rendered":"https:\/\/www.diordigital.com\/page-daccueil\/"},"modified":"2026-02-23T13:57:12","modified_gmt":"2026-02-23T12:57:12","slug":"page-daccueil","status":"publish","type":"page","link":"https:\/\/www.diordigital.com\/fr\/","title":{"rendered":"Page d&#8217;accueil"},"content":{"rendered":"\n<div class=\"wp-block-group alignfull has-global-padding is-layout-constrained wp-block-group-is-layout-constrained\" style=\"margin-top:0;margin-bottom:0;padding-top:var(--wp--preset--spacing--80);padding-bottom:var(--wp--preset--spacing--80)\">\n<div class=\"wp-block-group alignwide is-vertical is-layout-flex wp-container-core-group-is-layout-4b827052 wp-block-group-is-layout-flex\">\n<h1 class=\"wp-block-heading alignwide is-style-default tw-lg-hidden tw-md-hidden tw-sm-hidden has-small-font-size\" style=\"font-style:normal;font-weight:300\">Dior Digital<\/h1>\n\n\n\n<p class=\"has-xx-large-font-size\">Bienvenue sur la plateforme num\u00e9rique de formation de<strong> Parfums Christian Dior<\/strong>.<\/p>\n<\/div>\n<\/div>\n\n\n\n<div class=\"wp-block-group alignfull has-global-padding is-layout-constrained wp-block-group-is-layout-constrained\" style=\"margin-top:0;margin-bottom:0\">\n<div class=\"wp-block-columns alignfull are-vertically-aligned-center is-layout-flex wp-container-core-columns-is-layout-625b63cf wp-block-columns-is-layout-flex\">\n<div class=\"wp-block-column is-vertically-aligned-center is-layout-flow wp-block-column-is-layout-flow\" style=\"flex-basis:55%\">\n<div style=\"aspect-ratio:1;min-height:unset;\" class=\"wp-block-cover is-light has-aspect-ratio\"><img loading=\"lazy\" decoding=\"async\" width=\"1012\" height=\"1024\" sizes=\"auto, (max-width: 799px) 125vw, (max-width: 1012px) 100vw, 1012px\" class=\"wp-block-cover__image-background wp-image-80\" alt=\"Monsieur Christian Dior\" src=\"https:\/\/www.diordigital.com\/wp-content\/uploads\/2024\/12\/Dior-Digital-Dior-Monsieur-Christian-Dior.jpg\" data-object-fit=\"cover\" srcset=\"https:\/\/www.diordigital.com\/wp-content\/uploads\/2024\/12\/Dior-Digital-Dior-Monsieur-Christian-Dior.jpg 1012w, https:\/\/www.diordigital.com\/wp-content\/uploads\/2024\/12\/Dior-Digital-Dior-Monsieur-Christian-Dior-296x300.jpg 296w, https:\/\/www.diordigital.com\/wp-content\/uploads\/2024\/12\/Dior-Digital-Dior-Monsieur-Christian-Dior-768x777.jpg 768w\" \/><span aria-hidden=\"true\" class=\"wp-block-cover__background has-background-dim-0 has-background-dim\" style=\"background-color:#6b6b6b\"><\/span><div class=\"wp-block-cover__inner-container is-layout-flow wp-block-cover-is-layout-flow\">\n<div style=\"height:var(--wp--preset--spacing--20)\" aria-hidden=\"true\" class=\"wp-block-spacer\"><\/div>\n<\/div><\/div>\n<\/div>\n\n\n\n<div class=\"wp-block-column is-vertically-aligned-center is-layout-flow wp-block-column-is-layout-flow\" style=\"padding-top:var(--wp--preset--spacing--60);padding-right:var(--wp--preset--spacing--60);padding-bottom:var(--wp--preset--spacing--60);padding-left:var(--wp--preset--spacing--60)\">\n<p>Nous sommes heureux de vous accompagner dans ce voyage passionnant \u00e0 travers le monde des produits de beaut\u00e9 Dior. <\/p>\n\n\n\n<p>Vous aurez l&#8217;occasion d&#8217;approfondir vos connaissances, de d\u00e9couvrir de nouvelles tendances et d&#8217;\u00e9lever vos comp\u00e9tences dans le domaine de la beaut\u00e9 \u00e0 un niveau sup\u00e9rieur.<\/p>\n\n\n\n<p>Notre plateforme vous offre un acc\u00e8s exclusif \u00e0 nos formations num\u00e9riques qui vous aideront \u00e0 d\u00e9velopper votre passion pour Dior et \u00e0 renforcer votre expertise.Plongez dans le monde de Dior et laissez-vous inspirer.<\/p>\n\n\n\n<p>Amusez-vous sur notre plateforme de formation.<\/p>\n\n\n\n<div class=\"wp-block-buttons is-layout-flex wp-container-core-buttons-is-layout-53a355d8 wp-block-buttons-is-layout-flex\" style=\"margin-top:var(--wp--preset--spacing--50);margin-bottom:var(--wp--preset--spacing--50)\">\n<div class=\"wp-block-button\"><a class=\"wp-block-button__link wp-element-button\" href=\"https:\/\/www.diordigital.com\/fr\/dior-en-ligne-latelier\/\">Inscrivez-vous d\u00e8s maintenant \u00e0 <strong>DIOR Online L\u2019Atelier<\/strong><\/a><\/div>\n<\/div>\n<\/div>\n<\/div>\n<\/div>\n","protected":false},"excerpt":{"rendered":"<p>Dior Digital Bienvenue sur la plateforme num\u00e9rique de formation de Parfums Christian Dior. Nous sommes heureux de vous accompagner dans ce voyage passionnant \u00e0 travers le monde des produits de beaut\u00e9 Dior. Vous aurez l&#8217;occasion d&#8217;approfondir vos connaissances, de d\u00e9couvrir de nouvelles tendances et d&#8217;\u00e9lever vos comp\u00e9tences dans le domaine de la beaut\u00e9 \u00e0 un [&hellip;]<\/p>\n","protected":false},"author":1,"featured_media":0,"parent":0,"menu_order":6,"comment_status":"closed","ping_status":"closed","template":"","meta":{"footnotes":""},"class_list":["post-107","page","type-page","status-publish","hentry"],"_links":{"self":[{"href":"https:\/\/www.diordigital.com\/fr\/wp-json\/wp\/v2\/pages\/107","targetHints":{"allow":["GET"]}}],"collection":[{"href":"https:\/\/www.diordigital.com\/fr\/wp-json\/wp\/v2\/pages"}],"about":[{"href":"https:\/\/www.diordigital.com\/fr\/wp-json\/wp\/v2\/types\/page"}],"author":[{"embeddable":true,"href":"https:\/\/www.diordigital.com\/fr\/wp-json\/wp\/v2\/users\/1"}],"replies":[{"embeddable":true,"href":"https:\/\/www.diordigital.com\/fr\/wp-json\/wp\/v2\/comments?post=107"}],"version-history":[{"count":10,"href":"https:\/\/www.diordigital.com\/fr\/wp-json\/wp\/v2\/pages\/107\/revisions"}],"predecessor-version":[{"id":328,"href":"https:\/\/www.diordigital.com\/fr\/wp-json\/wp\/v2\/pages\/107\/revisions\/328"}],"wp:attachment":[{"href":"https:\/\/www.diordigital.com\/fr\/wp-json\/wp\/v2\/media?parent=107"}],"curies":[{"name":"wp","href":"https:\/\/api.w.org\/{rel}","templated":true}]}}